{"id":118,"date":"2026-02-12T09:42:00","date_gmt":"2026-02-12T08:42:00","guid":{"rendered":"http:\/\/aodeia.fr\/?page_id=118"},"modified":"2026-02-17T23:00:28","modified_gmt":"2026-02-17T22:00:28","slug":"chorales","status":"publish","type":"page","link":"https:\/\/aodeia.fr\/index.php\/chorales\/","title":{"rendered":"Pour les ch\u0153urs"},"content":{"rendered":"\n<div class=\"wp-block-group alignwide has-global-padding is-layout-constrained wp-block-group-is-layout-constrained\">\n<h2 class=\"wp-block-heading\">Pr\u00e9sentation<\/h2>\n\n\n\n<p>Les compositions ont \u00e9t\u00e9 con\u00e7ues \u00e0 la base comme des <strong>spectacles complets<\/strong> pour des ch\u0153urs et chorales d&rsquo;adolescents, notamment au coll\u00e8ge.<\/p>\n\n\n\n<p>L&rsquo;ensemble est pens\u00e9 comme une histoire compl\u00e8te o\u00f9 les chansons font avancer le r\u00e9cit au m\u00eame titre que la narration.<\/p>\n<\/div>\n\n\n\n<div class=\"wp-block-columns is-layout-flex wp-container-core-columns-is-layout-28f84493 wp-block-columns-is-layout-flex\">\n<div class=\"wp-block-column is-layout-flow wp-block-column-is-layout-flow\" style=\"flex-basis:66.66%\">\n<p>Il s&rsquo;agit de pi\u00e8ces compos\u00e9es \u00e0 <strong>deux voix \u00e9gales<\/strong> en respectant la tessiture de confort pour des \u00e9l\u00e8ves de coll\u00e8ges qui ne sont pas sp\u00e9cialement chanteurs.<\/p>\n\n\n\n<p>La polyphonie est pr\u00e9sente dans toutes les chansons mais pas omnipr\u00e9sente. Les passages homophoniques permettent des moments de stabilit\u00e9 pour le ch\u0153ur et favorise un <strong>apprentissage rapide<\/strong> pour des chefs et enseignants press\u00e9s par les temps de r\u00e9p\u00e9tition.<\/p>\n<\/div>\n\n\n\n<div class=\"wp-block-column is-layout-flow wp-block-column-is-layout-flow\" style=\"flex-basis:33.33%\">\n<figure class=\"wp-block-image size-large is-resized is-style-rounded is-style-rounded--1\"><img loading=\"lazy\" decoding=\"async\" width=\"1920\" height=\"2560\" src=\"https:\/\/aodeia.fr\/wp-content\/uploads\/2026\/02\/DSC_5856-edited-1-scaled.jpg\" alt=\"\" class=\"wp-image-266\" style=\"object-fit:contain;width:210px;height:250px\" srcset=\"https:\/\/aodeia.fr\/wp-content\/uploads\/2026\/02\/DSC_5856-edited-1-scaled.jpg 1920w, https:\/\/aodeia.fr\/wp-content\/uploads\/2026\/02\/DSC_5856-edited-1-225x300.jpg 225w, https:\/\/aodeia.fr\/wp-content\/uploads\/2026\/02\/DSC_5856-edited-1-768x1024.jpg 768w, https:\/\/aodeia.fr\/wp-content\/uploads\/2026\/02\/DSC_5856-edited-1-1152x1536.jpg 1152w, https:\/\/aodeia.fr\/wp-content\/uploads\/2026\/02\/DSC_5856-edited-1-1536x2048.jpg 1536w\" sizes=\"auto, (max-width: 1920px) 100vw, 1920px\" \/><\/figure>\n<\/div>\n<\/div>\n\n\n\n<div class=\"wp-block-group alignwide has-global-padding is-layout-constrained wp-block-group-is-layout-constrained\" style=\"margin-top:var(--wp--preset--spacing--40);margin-bottom:var(--wp--preset--spacing--30)\">\n<h2 class=\"wp-block-heading\">Contenu<\/h2>\n\n\n\n<p>Les compositions pour chorales sont fournies avec un <strong>package complet<\/strong> de ce qui est indispensable pour travailler, autant pour le chef que pour les choristes.<\/p>\n\n\n\n<p><strong>Les textes<\/strong> sont adapt\u00e9s \u00e0 l&rsquo;usage :<\/p>\n\n\n\n<ul class=\"wp-block-list\">\n<li>Partitions \u00e0 deux voix \u00e9gales<\/li>\n\n\n\n<li>Paroles avec voix s\u00e9par\u00e9es pour les choristes<\/li>\n\n\n\n<li>Texte pour le narrateur<\/li>\n<\/ul>\n\n\n\n<p><strong>Des enregistrements<\/strong> sous plusieurs formats :<\/p>\n\n\n\n<ul class=\"wp-block-list\">\n<li>Tutti \u00e0 deux voix<\/li>\n\n\n\n<li>Voix 1 et 2 s\u00e9par\u00e9es (alto \/ soprano)<\/li>\n\n\n\n<li>Version instrumentale<\/li>\n<\/ul>\n<\/div>\n\n\n\n<div class=\"wp-block-group alignfull has-background has-global-padding is-layout-constrained wp-container-core-group-is-layout-73b89f41 wp-block-group-is-layout-constrained\" style=\"border-top-left-radius:0px;border-top-right-radius:0px;border-bottom-left-radius:0px;border-bottom-right-radius:0px;background-color:#d9613d4d;padding-top:var(--wp--preset--spacing--10);padding-right:var(--wp--preset--spacing--40);padding-bottom:var(--wp--preset--spacing--10);padding-left:var(--wp--preset--spacing--40);box-shadow:var(--wp--preset--shadow--natural)\">\n<h2 class=\"wp-block-heading\">Les spectacles<\/h2>\n\n\n\n<div class=\"wp-block-columns is-layout-flex wp-container-core-columns-is-layout-28f84493 wp-block-columns-is-layout-flex\">\n<div class=\"wp-block-column is-layout-flow wp-block-column-is-layout-flow\">\n<h4 class=\"wp-block-heading has-base-background-color has-background\" style=\"border-top-left-radius:10px;border-top-right-radius:10px;border-bottom-left-radius:10px;border-bottom-right-radius:10px;padding-right:var(--wp--preset--spacing--20);padding-left:var(--wp--preset--spacing--20)\"><a href=\"http:\/\/aodeia.fr\/index.php\/lenfant-et-le-phare\/\" data-type=\"page\" data-id=\"83\">L&rsquo;Enfant et le phare<\/a><\/h4>\n<\/div>\n\n\n\n<div class=\"wp-block-column is-layout-flow wp-block-column-is-layout-flow\">\n<h4 class=\"wp-block-heading has-base-background-color has-background\" style=\"border-top-left-radius:10px;border-top-right-radius:10px;border-bottom-left-radius:10px;border-bottom-right-radius:10px;padding-right:var(--wp--preset--spacing--20);padding-left:var(--wp--preset--spacing--20)\"><a href=\"http:\/\/aodeia.fr\/index.php\/la-lyre-oubliee\/\" data-type=\"page\" data-id=\"53\">La Lyre oubli\u00e9e<\/a><\/h4>\n<\/div>\n<\/div>\n\n\n\n<div class=\"wp-block-columns is-layout-flex wp-container-core-columns-is-layout-28f84493 wp-block-columns-is-layout-flex\">\n<div class=\"wp-block-column is-layout-flow wp-block-column-is-layout-flow\">\n<figure class=\"wp-block-embed is-type-video is-provider-youtube wp-block-embed-youtube wp-embed-aspect-16-9 wp-has-aspect-ratio\"><div class=\"wp-block-embed__wrapper\">\n<iframe loading=\"lazy\" title=\"Festival Choral 2023 -  L&#039;Enfant &amp; le Phare\" width=\"500\" height=\"281\" src=\"https:\/\/www.youtube.com\/embed\/Gca44vYY5Ms?feature=oembed\" frameborder=\"0\" allow=\"accelerometer; autoplay; clipboard-write; encrypted-media; gyroscope; picture-in-picture; web-share\" referrerpolicy=\"strict-origin-when-cross-origin\" allowfullscreen><\/iframe>\n<\/div><\/figure>\n<\/div>\n\n\n\n<div class=\"wp-block-column is-layout-flow wp-block-column-is-layout-flow\">\n<figure class=\"wp-block-image size-large is-resized is-style-default\" style=\"margin-right:0;margin-left:0\"><a href=\"http:\/\/aodeia.fr\/index.php\/la-lyre-oubliee\/\"><img loading=\"lazy\" decoding=\"async\" width=\"1024\" height=\"448\" src=\"http:\/\/aodeia.fr\/wp-content\/uploads\/2026\/02\/Gemini_Generated_Image_f64te6f64te6f64t-2-1024x448.png\" alt=\"\" class=\"wp-image-27\" style=\"object-fit:cover;width:280px;height:170px\" srcset=\"https:\/\/aodeia.fr\/wp-content\/uploads\/2026\/02\/Gemini_Generated_Image_f64te6f64te6f64t-2-1024x448.png 1024w, https:\/\/aodeia.fr\/wp-content\/uploads\/2026\/02\/Gemini_Generated_Image_f64te6f64te6f64t-2-300x131.png 300w, https:\/\/aodeia.fr\/wp-content\/uploads\/2026\/02\/Gemini_Generated_Image_f64te6f64te6f64t-2-768x336.png 768w, https:\/\/aodeia.fr\/wp-content\/uploads\/2026\/02\/Gemini_Generated_Image_f64te6f64te6f64t-2.png 1536w\" sizes=\"auto, (max-width: 1024px) 100vw, 1024px\" \/><\/a><\/figure>\n<\/div>\n<\/div>\n<\/div>\n\n\n\n<div class=\"wp-block-columns is-layout-flex wp-container-core-columns-is-layout-b0bab6eb wp-block-columns-is-layout-flex\" style=\"margin-top:var(--wp--preset--spacing--40);margin-bottom:var(--wp--preset--spacing--40)\">\n<div class=\"wp-block-column is-layout-flow wp-block-column-is-layout-flow\">\n<h2 class=\"wp-block-heading\">Commander<\/h2>\n<\/div>\n\n\n\n<div class=\"wp-block-column is-layout-flow wp-block-column-is-layout-flow\">\n<p>Contactez-nous pour conna\u00eetre les tarifs et obtenir un devis en fonction de vos besoins :<\/p>\n\n\n\n<p><a href=\"mailto:contact@aodeia.fr\">contact@aodeia.fr<\/a><\/p>\n<\/div>\n<\/div>\n","protected":false},"excerpt":{"rendered":"<p>Pr\u00e9sentation Les compositions ont \u00e9t\u00e9 con\u00e7ues \u00e0 la base comme des spectacles complets pour des ch\u0153urs et chorales d&rsquo;adolescents, notamment au coll\u00e8ge. L&rsquo;ensemble est pens\u00e9 comme une histoire compl\u00e8te o\u00f9 les chansons font avancer le r\u00e9cit au m\u00eame titre que la narration. Il s&rsquo;agit de pi\u00e8ces compos\u00e9es \u00e0 deux voix \u00e9gales en respectant la tessiture [&hellip;]<\/p>\n","protected":false},"author":1,"featured_media":0,"parent":0,"menu_order":0,"comment_status":"closed","ping_status":"closed","template":"","meta":{"footnotes":""},"class_list":["post-118","page","type-page","status-publish","hentry"],"_links":{"self":[{"href":"https:\/\/aodeia.fr\/index.php\/wp-json\/wp\/v2\/pages\/118","targetHints":{"allow":["GET"]}}],"collection":[{"href":"https:\/\/aodeia.fr\/index.php\/wp-json\/wp\/v2\/pages"}],"about":[{"href":"https:\/\/aodeia.fr\/index.php\/wp-json\/wp\/v2\/types\/page"}],"author":[{"embeddable":true,"href":"https:\/\/aodeia.fr\/index.php\/wp-json\/wp\/v2\/users\/1"}],"replies":[{"embeddable":true,"href":"https:\/\/aodeia.fr\/index.php\/wp-json\/wp\/v2\/comments?post=118"}],"version-history":[{"count":26,"href":"https:\/\/aodeia.fr\/index.php\/wp-json\/wp\/v2\/pages\/118\/revisions"}],"predecessor-version":[{"id":269,"href":"https:\/\/aodeia.fr\/index.php\/wp-json\/wp\/v2\/pages\/118\/revisions\/269"}],"wp:attachment":[{"href":"https:\/\/aodeia.fr\/index.php\/wp-json\/wp\/v2\/media?parent=118"}],"curies":[{"name":"wp","href":"https:\/\/api.w.org\/{rel}","templated":true}]}}