{"id":40,"date":"2026-02-10T23:50:50","date_gmt":"2026-02-10T22:50:50","guid":{"rendered":"http:\/\/aodeia.fr\/?page_id=40"},"modified":"2026-02-17T22:32:00","modified_gmt":"2026-02-17T21:32:00","slug":"aodeia","status":"publish","type":"page","link":"https:\/\/aodeia.fr\/","title":{"rendered":"\u1f08\u03bf\u03b4\u03b5\u03af\u03b1"},"content":{"rendered":"\n<figure class=\"wp-block-image size-large wp-duotone-111111-ffffff00-1\"><img loading=\"lazy\" decoding=\"async\" width=\"1024\" height=\"437\" src=\"http:\/\/aodeia.fr\/wp-content\/uploads\/2026\/02\/Aodeia-1024x437.jpg\" alt=\"\" class=\"wp-image-194\" srcset=\"https:\/\/aodeia.fr\/wp-content\/uploads\/2026\/02\/Aodeia-1024x437.jpg 1024w, https:\/\/aodeia.fr\/wp-content\/uploads\/2026\/02\/Aodeia-300x128.jpg 300w, https:\/\/aodeia.fr\/wp-content\/uploads\/2026\/02\/Aodeia-768x328.jpg 768w, https:\/\/aodeia.fr\/wp-content\/uploads\/2026\/02\/Aodeia.jpg 1200w\" sizes=\"auto, (max-width: 1024px) 100vw, 1024px\" \/><\/figure>\n\n\n\n<div class=\"wp-block-group alignfull has-global-padding is-layout-constrained wp-block-group-is-layout-constrained has-background\" style=\"padding-top:var(--wp--preset--spacing--60);padding-bottom:var(--wp--preset--spacing--60);background-image:url(&apos;http:\/\/aodeia.fr\/wp-content\/uploads\/2026\/02\/Gemini_Generated_Image_f64te6f64te6f64t-2.png&apos;);background-position:50% 50%;background-repeat:no-repeat;background-size:contain;background-attachment:scroll;\">\n<p class=\"has-text-align-left has-base-color has-text-color has-link-color has-heading-font-family has-x-large-font-size wp-elements-0a3d20fb73b104ba8a7d8eb7f55af1cb\">Histoires chant\u00e9es et racont\u00e9es<\/p>\n\n\n\n<p class=\"has-base-color has-text-color has-link-color wp-elements-0363fc6a78b04dc98ddfa93b8f47a3a2\">Nous proposons deux versions de notre travail :<\/p>\n\n\n\n<ul class=\"wp-block-list has-base-color has-text-color has-link-color wp-elements-82c6d5492534c1031aee264683c86057\">\n<li>Des repr\u00e9sentations en duo acoustique<\/li>\n<\/ul>\n\n\n\n<ul class=\"wp-block-list has-base-color has-text-color has-link-color wp-elements-722677b2a21c457fd191ace0ec2cde61\">\n<li>Des compositions pour chorales<\/li>\n<\/ul>\n<\/div>\n\n\n\n<div class=\"wp-block-buttons is-layout-flex wp-block-buttons-is-layout-flex\" style=\"margin-top:var(--wp--preset--spacing--20);margin-bottom:var(--wp--preset--spacing--30)\">\n<div class=\"wp-block-button has-custom-width wp-block-button__width-50\"><a class=\"wp-block-button__link wp-element-button\" href=\"http:\/\/aodeia.fr\/index.php\/duo-acoustique\/\" style=\"box-shadow:var(--wp--preset--shadow--natural)\">Le duo acoustique<\/a><\/div>\n\n\n\n<div class=\"wp-block-button has-custom-width wp-block-button__width-50 is-style-fill\"><a class=\"wp-block-button__link wp-element-button\" href=\"http:\/\/aodeia.fr\/index.php\/chorales\/\" style=\"box-shadow:var(--wp--preset--shadow--natural)\">Pour les ch\u0153urs<\/a><\/div>\n<\/div>\n\n\n\n<blockquote class=\"wp-block-quote is-style-default is-layout-flow wp-block-quote-is-layout-flow\" style=\"margin-bottom:var(--wp--preset--spacing--30)\">\n<p>Pourquoi \u00ab\u00a0Aodeia\u00a0\u00bb ?<\/p>\n\n\n\n<p class=\"has-medium-font-size\">Dans l&rsquo;Antiquit\u00e9, l&rsquo;A\u00e8de n&rsquo;\u00e9tait pas un simple interpr\u00e8te, mais un gardien de la m\u00e9moire, celui qui rendait les l\u00e9gendes vivantes par la force de sa voix. <strong>\u1f08\u03bf\u03b4\u03b5\u03af\u03b1<\/strong> est l\u2019h\u00e9ritage de ce souffle : c\u2019est le moment o\u00f9 le mot devient onde et o\u00f9 l\u2019histoire s\u2019immerge dans l\u2019harmonie.<\/p>\n\n\n\n<p class=\"has-medium-font-size\"><strong>\u1f08\u03bf\u03b4\u03b5\u03af\u03b1<\/strong> d\u00e9signe l\u2019espace sacr\u00e9 o\u00f9 le r\u00e9cit se transforme en musique. Bien plus qu\u2019une simple m\u00e9lodie, le terme incarne l\u2019art de la <strong>narration chant\u00e9e<\/strong>.<\/p>\n<\/blockquote>\n","protected":false},"excerpt":{"rendered":"<p>Histoires chant\u00e9es et racont\u00e9es Nous proposons deux versions de notre travail : Pourquoi \u00ab\u00a0Aodeia\u00a0\u00bb ? Dans l&rsquo;Antiquit\u00e9, l&rsquo;A\u00e8de n&rsquo;\u00e9tait pas un simple interpr\u00e8te, mais un gardien de la m\u00e9moire, celui qui rendait les l\u00e9gendes vivantes par la force de sa voix. \u1f08\u03bf\u03b4\u03b5\u03af\u03b1 est l\u2019h\u00e9ritage de ce souffle : c\u2019est le moment o\u00f9 le mot devient [&hellip;]<\/p>\n","protected":false},"author":1,"featured_media":27,"parent":0,"menu_order":0,"comment_status":"closed","ping_status":"closed","template":"page-no-title","meta":{"footnotes":""},"class_list":["post-40","page","type-page","status-publish","has-post-thumbnail","hentry"],"_links":{"self":[{"href":"https:\/\/aodeia.fr\/index.php\/wp-json\/wp\/v2\/pages\/40","targetHints":{"allow":["GET"]}}],"collection":[{"href":"https:\/\/aodeia.fr\/index.php\/wp-json\/wp\/v2\/pages"}],"about":[{"href":"https:\/\/aodeia.fr\/index.php\/wp-json\/wp\/v2\/types\/page"}],"author":[{"embeddable":true,"href":"https:\/\/aodeia.fr\/index.php\/wp-json\/wp\/v2\/users\/1"}],"replies":[{"embeddable":true,"href":"https:\/\/aodeia.fr\/index.php\/wp-json\/wp\/v2\/comments?post=40"}],"version-history":[{"count":25,"href":"https:\/\/aodeia.fr\/index.php\/wp-json\/wp\/v2\/pages\/40\/revisions"}],"predecessor-version":[{"id":258,"href":"https:\/\/aodeia.fr\/index.php\/wp-json\/wp\/v2\/pages\/40\/revisions\/258"}],"wp:featuredmedia":[{"embeddable":true,"href":"https:\/\/aodeia.fr\/index.php\/wp-json\/wp\/v2\/media\/27"}],"wp:attachment":[{"href":"https:\/\/aodeia.fr\/index.php\/wp-json\/wp\/v2\/media?parent=40"}],"curies":[{"name":"wp","href":"https:\/\/api.w.org\/{rel}","templated":true}]}}