{"id":83,"date":"2026-02-15T12:44:33","date_gmt":"2026-02-15T11:44:33","guid":{"rendered":"http:\/\/aodeia.fr\/?page_id=83"},"modified":"2026-02-15T19:48:06","modified_gmt":"2026-02-15T18:48:06","slug":"lenfant-et-le-phare","status":"publish","type":"page","link":"https:\/\/aodeia.fr\/index.php\/lenfant-et-le-phare\/","title":{"rendered":"L&rsquo;Enfant et le phare"},"content":{"rendered":"\n<h1 class=\"wp-block-heading\" style=\"margin-top:var(--wp--preset--spacing--40);margin-bottom:var(--wp--preset--spacing--40)\"><em>L&rsquo;Enfant et le Phare<\/em><\/h1>\n\n\n\n<div class=\"wp-block-group alignwide has-global-padding is-layout-constrained wp-block-group-is-layout-constrained\">\n<div class=\"wp-block-columns alignwide is-layout-flex wp-container-core-columns-is-layout-28f84493 wp-block-columns-is-layout-flex\">\n<div class=\"wp-block-column is-layout-flow wp-block-column-is-layout-flow\" style=\"flex-basis:66.66%\">\n<p>Compos\u00e9 en 2023 pour le Festival choral des coll\u00e8ges de la Manche, L&rsquo;Enfant &amp; le phare est un spectacle bas\u00e9 sur une id\u00e9e originale :<\/p>\n\n\n\n<ul class=\"wp-block-list\">\n<li>13 chants \u00e0 deux voix et un medley (pour le rappel de fin de concert)<\/li>\n\n\n\n<li>une narration \u00e0 lire pour faire le lien entre les chants<\/li>\n\n\n\n<li>Les chants sont compos\u00e9s et arrang\u00e9s dans des styles diff\u00e9rents<\/li>\n\n\n\n<li>Dur\u00e9e du spectacle : 1h05 (sans le rappel)<\/li>\n<\/ul>\n<\/div>\n\n\n\n<div class=\"wp-block-column is-layout-flow wp-block-column-is-layout-flow\" style=\"flex-basis:33.33%\">\n<figure class=\"wp-block-image size-large is-resized is-style-rounded is-style-rounded--1\"><img loading=\"lazy\" decoding=\"async\" width=\"2560\" height=\"1440\" src=\"http:\/\/aodeia.fr\/wp-content\/uploads\/2026\/02\/b_32-edited-scaled.jpg\" alt=\"\" class=\"wp-image-241\" style=\"aspect-ratio:1.7778118762420685;width:300px;height:auto\" srcset=\"https:\/\/aodeia.fr\/wp-content\/uploads\/2026\/02\/b_32-edited-scaled.jpg 2560w, https:\/\/aodeia.fr\/wp-content\/uploads\/2026\/02\/b_32-edited-300x169.jpg 300w, https:\/\/aodeia.fr\/wp-content\/uploads\/2026\/02\/b_32-edited-1024x576.jpg 1024w, https:\/\/aodeia.fr\/wp-content\/uploads\/2026\/02\/b_32-edited-768x432.jpg 768w, https:\/\/aodeia.fr\/wp-content\/uploads\/2026\/02\/b_32-edited-1536x864.jpg 1536w, https:\/\/aodeia.fr\/wp-content\/uploads\/2026\/02\/b_32-edited-2048x1152.jpg 2048w\" sizes=\"auto, (max-width: 2560px) 100vw, 2560px\" \/><\/figure>\n<\/div>\n<\/div>\n<\/div>\n\n\n\n<div class=\"wp-block-group alignfull has-background has-global-padding is-layout-constrained wp-container-core-group-is-layout-c8e208fc wp-block-group-is-layout-constrained\" style=\"background-color:#b0c4a387;margin-top:var(--wp--preset--spacing--20);margin-bottom:var(--wp--preset--spacing--20);padding-top:var(--wp--preset--spacing--20);padding-right:0;padding-bottom:var(--wp--preset--spacing--20);padding-left:0\">\n<h2 class=\"wp-block-heading alignwide\">L&rsquo;histoire<\/h2>\n\n\n\n<div class=\"wp-block-columns alignwide is-layout-flex wp-container-core-columns-is-layout-28f84493 wp-block-columns-is-layout-flex\">\n<div class=\"wp-block-column is-layout-flow wp-block-column-is-layout-flow\" style=\"flex-basis:33.33%\">\n<figure class=\"wp-block-image aligncenter size-large is-resized is-style-rounded is-style-rounded--2\" style=\"margin-right:0;margin-left:0\"><img loading=\"lazy\" decoding=\"async\" width=\"2048\" height=\"1536\" src=\"http:\/\/aodeia.fr\/wp-content\/uploads\/2026\/02\/Gemini_Generated_Image_qm6mysqm6mysqm6m-edited.png\" alt=\"\" class=\"wp-image-243\" style=\"object-fit:cover;width:265px;height:auto\" srcset=\"https:\/\/aodeia.fr\/wp-content\/uploads\/2026\/02\/Gemini_Generated_Image_qm6mysqm6mysqm6m-edited.png 2048w, https:\/\/aodeia.fr\/wp-content\/uploads\/2026\/02\/Gemini_Generated_Image_qm6mysqm6mysqm6m-edited-300x225.png 300w, https:\/\/aodeia.fr\/wp-content\/uploads\/2026\/02\/Gemini_Generated_Image_qm6mysqm6mysqm6m-edited-1024x768.png 1024w, https:\/\/aodeia.fr\/wp-content\/uploads\/2026\/02\/Gemini_Generated_Image_qm6mysqm6mysqm6m-edited-768x576.png 768w, https:\/\/aodeia.fr\/wp-content\/uploads\/2026\/02\/Gemini_Generated_Image_qm6mysqm6mysqm6m-edited-1536x1152.png 1536w\" sizes=\"auto, (max-width: 2048px) 100vw, 2048px\" \/><\/figure>\n<\/div>\n\n\n\n<div class=\"wp-block-column is-layout-flow wp-block-column-is-layout-flow\" style=\"flex-basis:66.66%\">\n<p>Harald est un jeune gar\u00e7on qui vit avec ses parents sur une \u00eele, loin des c\u00f4tes. Dans leur communaut\u00e9, la famille d\u2019Harald a un statut particulier. Ce sont les gardiens du phare. Depuis plusieurs g\u00e9n\u00e9rations, ils se relaient de p\u00e8re en fils. Harald a donc son avenir tout trac\u00e9.<\/p>\n\n\n\n<p>Mais un matin, la nouvelle terrible tombe : le gardien de phare n\u2019aura bient\u00f4t plus d\u2019utilit\u00e9. Le phare sera automatis\u00e9 et accompagn\u00e9 de balises en mer. La famille va d\u00e9m\u00e9nager sur le continent. Une nouvelle vie s\u2019offre \u00e0 Harald, loin des siens.<\/p>\n<\/div>\n<\/div>\n\n\n\n<div class=\"wp-block-columns alignwide is-layout-flex wp-container-core-columns-is-layout-28f84493 wp-block-columns-is-layout-flex\">\n<div class=\"wp-block-column is-layout-flow wp-block-column-is-layout-flow\" style=\"flex-basis:66.66%\">\n<p>Les ann\u00e9es sont pass\u00e9es et Harald vit dans une ville immense. Il travaille dans un bureau en haut d\u2019une tour. Les jours se ressemblent et les ann\u00e9es aussi. <\/p>\n\n\n\n<p>Un jour, c\u2019en est trop. Il ne peut plus aller travailler. Il charge un sac \u00e0 dos et s\u2019en va. Il change de vie.<\/p>\n<\/div>\n\n\n\n<div class=\"wp-block-column is-layout-flow wp-block-column-is-layout-flow\" style=\"flex-basis:33.33%\">\n<figure class=\"wp-block-image aligncenter size-large is-resized is-style-rounded is-style-rounded--3\"><img loading=\"lazy\" decoding=\"async\" width=\"1820\" height=\"1024\" src=\"http:\/\/aodeia.fr\/wp-content\/uploads\/2026\/02\/Gemini_Generated_Image_dyuj97dyuj97dyuj-edited-3.png\" alt=\"\" class=\"wp-image-246\" style=\"aspect-ratio:16\/9;object-fit:cover;width:auto;height:150px\" srcset=\"https:\/\/aodeia.fr\/wp-content\/uploads\/2026\/02\/Gemini_Generated_Image_dyuj97dyuj97dyuj-edited-3.png 1820w, https:\/\/aodeia.fr\/wp-content\/uploads\/2026\/02\/Gemini_Generated_Image_dyuj97dyuj97dyuj-edited-3-300x169.png 300w, https:\/\/aodeia.fr\/wp-content\/uploads\/2026\/02\/Gemini_Generated_Image_dyuj97dyuj97dyuj-edited-3-1024x576.png 1024w, https:\/\/aodeia.fr\/wp-content\/uploads\/2026\/02\/Gemini_Generated_Image_dyuj97dyuj97dyuj-edited-3-768x432.png 768w, https:\/\/aodeia.fr\/wp-content\/uploads\/2026\/02\/Gemini_Generated_Image_dyuj97dyuj97dyuj-edited-3-1536x864.png 1536w\" sizes=\"auto, (max-width: 1820px) 100vw, 1820px\" \/><\/figure>\n<\/div>\n<\/div>\n<\/div>\n\n\n\n<figure class=\"wp-block-embed is-type-video is-provider-youtube wp-block-embed-youtube wp-embed-aspect-16-9 wp-has-aspect-ratio\"><div class=\"wp-block-embed__wrapper\">\n<iframe loading=\"lazy\" title=\"Festival Choral 2023 -  L&#039;Enfant &amp; le Phare\" width=\"500\" height=\"281\" src=\"https:\/\/www.youtube.com\/embed\/Gca44vYY5Ms?feature=oembed\" frameborder=\"0\" allow=\"accelerometer; autoplay; clipboard-write; encrypted-media; gyroscope; picture-in-picture; web-share\" referrerpolicy=\"strict-origin-when-cross-origin\" allowfullscreen><\/iframe>\n<\/div><\/figure>\n\n\n\n<div class=\"wp-block-columns alignwide is-layout-flex wp-container-core-columns-is-layout-28f84493 wp-block-columns-is-layout-flex\">\n<div class=\"wp-block-column is-layout-flow wp-block-column-is-layout-flow\">\n<h2 class=\"wp-block-heading has-text-align-center\">Commander<\/h2>\n<\/div>\n\n\n\n<div class=\"wp-block-column is-layout-flow wp-block-column-is-layout-flow\">\n<p>Contactez-nous pour conna\u00eetre les tarifs et obtenir un devis en fonction de vos besoins.<\/p>\n\n\n\n<p style=\"margin-top:var(--wp--preset--spacing--20);margin-bottom:var(--wp--preset--spacing--20)\"><a href=\"mailto:contact@aodeia.fr\">contact@aodeia.fr<\/a><\/p>\n<\/div>\n<\/div>\n","protected":false},"excerpt":{"rendered":"<p>L&rsquo;Enfant et le Phare Compos\u00e9 en 2023 pour le Festival choral des coll\u00e8ges de la Manche, L&rsquo;Enfant &amp; le phare est un spectacle bas\u00e9 sur une id\u00e9e originale : L&rsquo;histoire Harald est un jeune gar\u00e7on qui vit avec ses parents sur une \u00eele, loin des c\u00f4tes. Dans leur communaut\u00e9, la famille d\u2019Harald a un statut [&hellip;]<\/p>\n","protected":false},"author":1,"featured_media":0,"parent":0,"menu_order":0,"comment_status":"closed","ping_status":"closed","template":"page-no-title","meta":{"footnotes":""},"class_list":["post-83","page","type-page","status-publish","hentry"],"_links":{"self":[{"href":"https:\/\/aodeia.fr\/index.php\/wp-json\/wp\/v2\/pages\/83","targetHints":{"allow":["GET"]}}],"collection":[{"href":"https:\/\/aodeia.fr\/index.php\/wp-json\/wp\/v2\/pages"}],"about":[{"href":"https:\/\/aodeia.fr\/index.php\/wp-json\/wp\/v2\/types\/page"}],"author":[{"embeddable":true,"href":"https:\/\/aodeia.fr\/index.php\/wp-json\/wp\/v2\/users\/1"}],"replies":[{"embeddable":true,"href":"https:\/\/aodeia.fr\/index.php\/wp-json\/wp\/v2\/comments?post=83"}],"version-history":[{"count":19,"href":"https:\/\/aodeia.fr\/index.php\/wp-json\/wp\/v2\/pages\/83\/revisions"}],"predecessor-version":[{"id":250,"href":"https:\/\/aodeia.fr\/index.php\/wp-json\/wp\/v2\/pages\/83\/revisions\/250"}],"wp:attachment":[{"href":"https:\/\/aodeia.fr\/index.php\/wp-json\/wp\/v2\/media?parent=83"}],"curies":[{"name":"wp","href":"https:\/\/api.w.org\/{rel}","templated":true}]}}